{"id":121,"date":"2025-08-14T13:51:49","date_gmt":"2025-08-14T13:51:49","guid":{"rendered":"https:\/\/saladelta.com.br\/?page_id=121"},"modified":"2025-08-25T11:31:59","modified_gmt":"2025-08-25T14:31:59","slug":"personalize","status":"publish","type":"page","link":"https:\/\/saladelta.com.br\/?page_id=121","title":{"rendered":"Personalize"},"content":{"rendered":"\n<div style=\"height:100px\" aria-hidden=\"true\" class=\"wp-block-spacer\"><\/div>\n\n\n\n<h2 class=\"wp-block-heading\">Personalize sua Divers\u00e3o!<\/h2>\n\n\n\n<p><strong>Seu evento, suas cartelas.<\/strong><br>N\u00f3s montamos um <strong>bingo<\/strong> com a sua lista de elementos (nomes), t\u00edtulo e mensagem final \u2014 tudo pronto para <strong>imprimir e jogar<\/strong>.<\/p>\n\n\n\n<p><strong>Como funciona<\/strong><\/p>\n\n\n\n<ol class=\"wp-block-list\">\n<li>Envie <strong>t\u00edtulo<\/strong> (\u2264 120 chars)<\/li>\n\n\n\n<li>Envie <strong>mensagem final<\/strong> (\u2264 200 chars)<\/li>\n\n\n\n<li>Envie <strong>40\u2013120 elementos<\/strong> (um por linha, \u2264 60 chars por elemento)<\/li>\n\n\n\n<li>Defina o <strong>n\u00famero de cartelas<\/strong> (30 a 2000)<\/li>\n\n\n\n<li>Envie a <strong>cor<\/strong> desejada para a moldura<\/li>\n\n\n\n<li>Receba o <strong>or\u00e7amento <\/strong>de seu pedido por e-mail ou telefone<\/li>\n<\/ol>\n\n\n\n<div class=\"forminator-guttenberg\"><div class=\"forminator-ui forminator-custom-form forminator-custom-form-133 forminator-design--default  forminator_ajax\" data-forminator-render=\"0\" data-form=\"forminator-module-133\" data-uid=\"69d36937eb02b\"><br\/><\/div><form\n\t\t\t\tid=\"forminator-module-133\"\n\t\t\t\tclass=\"forminator-ui forminator-custom-form forminator-custom-form-133 forminator-design--default  forminator_ajax\"\n\t\t\t\tmethod=\"post\"\n\t\t\t\tdata-forminator-render=\"0\"\n\t\t\t\tdata-form-id=\"133\"\n\t\t\t\t data-color-option=\"theme\" data-design=\"default\" data-grid=\"open\" style=\"display: none;\"\n\t\t\t\tdata-uid=\"69d36937eb02b\"\n\t\t\t><div role=\"alert\" aria-live=\"polite\" class=\"forminator-response-message forminator-error\" aria-hidden=\"true\"><\/div><div role=\"tablist\" class=\"forminator-pagination-steps\" aria-label=\"Pagination\"><\/div><div\n\t\t\t\ttabindex=\"-1\"\n\t\t\t\trole=\"tabpanel\"\n\t\t\t\tid=\"forminator-custom-form-133--page-0\"\n\t\t\t\tclass=\"forminator-pagination forminator-pagination-start\"\n\t\t\t\taria-labelledby=\"forminator-custom-form-133--page-0-label\"\n\t\t\t\tdata-step=\"0\"\n\t\t\t\tdata-label=\"Informa\u00e7\u00f5es das Cartelas\"\n\t\t\t\tdata-actual-label=\"Informa\u00e7\u00f5es do Contato\"\n\t\t\t\tdata-name=\"page-break-1\"\n\t\t\t><div class=\"forminator-pagination--content\"><div class=\"forminator-row\"><div id=\"name-1\" class=\"forminator-field-name forminator-col forminator-col-12 \"><div class=\"forminator-field\"><label for=\"forminator-field-name-1_69d36937eb02b\" id=\"forminator-field-name-1_69d36937eb02b-label\" class=\"forminator-label\">Nome do Cliente <span class=\"forminator-required\">*<\/span><\/label><input type=\"text\" name=\"name-1\" value=\"\" placeholder=\"\" id=\"forminator-field-name-1_69d36937eb02b\" class=\"forminator-input forminator-name--field\" aria-required=\"true\" autocomplete=\"name\" \/><\/div><\/div><\/div><div class=\"forminator-row\"><div id=\"email-1\" class=\"forminator-field-email forminator-col forminator-col-12 \"><div class=\"forminator-field\"><label for=\"forminator-field-email-1_69d36937eb02b\" id=\"forminator-field-email-1_69d36937eb02b-label\" class=\"forminator-label\">E-mail <span class=\"forminator-required\">*<\/span><\/label><input type=\"email\" name=\"email-1\" value=\"\" placeholder=\"\" id=\"forminator-field-email-1_69d36937eb02b\" class=\"forminator-input forminator-email--field\" data-required=\"1\" aria-required=\"true\" autocomplete=\"email\" \/><\/div><\/div><\/div><div class=\"forminator-row\"><div id=\"phone-1\" class=\"forminator-field-phone forminator-col forminator-col-12 \"><div class=\"forminator-field\"><label for=\"forminator-field-phone-1_69d36937eb02b\" id=\"forminator-field-phone-1_69d36937eb02b-label\" class=\"forminator-label\">Telefone para Contato <span class=\"forminator-required\">*<\/span><\/label><input type=\"text\" name=\"phone-1\" value=\"\" placeholder=\"\" id=\"forminator-field-phone-1_69d36937eb02b\" class=\"forminator-input forminator-field--phone\" data-required=\"1\" aria-required=\"true\" autocomplete=\"off\" \/><\/div><\/div><\/div><\/div><\/div><div\n\t\t\t\ttabindex=\"-1\"\n\t\t\t\trole=\"tabpanel\"\n\t\t\t\tid=\"forminator-custom-form-133--page-1\"\n\t\t\t\tclass=\"forminator-pagination\"\n\t\t\t\taria-labelledby=\"forminator-custom-form-133--page-1-label\"\n\t\t\t\taria-hidden=\"true\"\n\t\t\t\tdata-step=\"1\"\n\t\t\t\tdata-label=\"Informa\u00e7\u00f5es do Contato\"\n\t\t\t\tdata-actual-label=\"Informa\u00e7\u00f5es das Cartelas\"\n\t\t\t\tdata-name=\"\"\n\t\t\t\thidden\n\t\t\t><div class=\"forminator-pagination--content\"><div class=\"forminator-row\"><div id=\"textarea-1\" class=\"forminator-field-textarea forminator-col forminator-col-12 \"><div class=\"forminator-field\"><label for=\"forminator-field-textarea-1_69d36937eb02b\" id=\"forminator-field-textarea-1_69d36937eb02b-label\" class=\"forminator-label\">T\u00edtulo das Cartelas <span class=\"forminator-required\">*<\/span><\/label><span id=\"forminator-field-textarea-1_69d36937eb02b-description\" class=\"forminator-description\"><span data-limit=\"120\" data-type=\"characters\" data-editor=\"\">0 \/ 120<\/span><\/span><textarea name=\"textarea-1\" placeholder=\"\" id=\"forminator-field-textarea-1_69d36937eb02b\" class=\"forminator-textarea\" rows=\"6\" style=\"min-height:140px;\" maxlength=\"120\" ><\/textarea><\/div><\/div><\/div><div class=\"forminator-row\"><div id=\"textarea-2\" class=\"forminator-field-textarea forminator-col forminator-col-12 \"><div class=\"forminator-field\"><label for=\"forminator-field-textarea-2_69d36937eb02b\" id=\"forminator-field-textarea-2_69d36937eb02b-label\" class=\"forminator-label\">Mensagem Final das Cartelas <span class=\"forminator-required\">*<\/span><\/label><span id=\"forminator-field-textarea-2_69d36937eb02b-description\" class=\"forminator-description\"><span data-limit=\"200\" data-type=\"characters\" data-editor=\"\">0 \/ 200<\/span><\/span><textarea name=\"textarea-2\" placeholder=\"\" id=\"forminator-field-textarea-2_69d36937eb02b\" class=\"forminator-textarea\" rows=\"6\" style=\"min-height:140px;\" maxlength=\"200\" ><\/textarea><\/div><\/div><\/div><div class=\"forminator-row\"><div id=\"textarea-3\" class=\"forminator-field-textarea forminator-col forminator-col-12 \"><div class=\"forminator-field\"><label for=\"forminator-field-textarea-3_69d36937eb02b\" id=\"forminator-field-textarea-3_69d36937eb02b-label\" class=\"forminator-label\">Lista de Elementos <span class=\"forminator-required\">*<\/span><\/label><span id=\"forminator-field-textarea-3_69d36937eb02b-description\" class=\"forminator-description\">Adicione cada elemento em uma linha, sendo no m\u00ednimo 40 e no m\u00e1ximo 120 nomes.  Nomes com mais de 60 caracteres ser\u00e3o automaticamente cortados, cuidado! As cartelas apresentar\u00e3o exatamente os nomes aqui escritos.<\/span><textarea name=\"textarea-3\" placeholder=\"Adicione cada elemento em uma linha, sendo no m\u00ednimo 40 e no m\u00e1ximo 120 nomes. \nNomes com mais de 60 caracteres ser\u00e3o automaticamente cortados, cuidado!\n\nPor exemplo:\n\nMamadeira\nFralda\nBrinquedo\n\nAs cartelas apresentar\u00e3o exatamente os nomes aqui escritos.\" id=\"forminator-field-textarea-3_69d36937eb02b\" class=\"forminator-textarea\" rows=\"6\" style=\"min-height:140px;\" aria-describedby=\"forminator-field-textarea-3_69d36937eb02b-description\" ><\/textarea><\/div><\/div><\/div><div class=\"forminator-row\"><div id=\"number-1\" class=\"forminator-field-number forminator-col forminator-col-4 \"><div class=\"forminator-field\"><label for=\"forminator-field-number-1_69d36937eb02b\" id=\"forminator-field-number-1_69d36937eb02b-label\" class=\"forminator-label\">Quantidade de Cartelas <span class=\"forminator-required\">*<\/span><\/label><input name=\"number-1\" value=\"100\" placeholder=\"Limite de 2000\" id=\"forminator-field-number-1_69d36937eb02b\" class=\"forminator-input forminator-number--field\" inputmode=\"decimal\" data-required=\"1\" data-decimals=\"0\" aria-required=\"true\" data-inputmask=\"&#039;groupSeparator&#039;: &#039;&#039;, &#039;radixPoint&#039;: &#039;&#039;, &#039;digits&#039;: &#039;0&#039;\" data-hidden-behavior=\"zero\" type=\"number\" step=\"any\" min=\"30\" max=\"2000\" \/><\/div><\/div><div id=\"textarea-5\" class=\"forminator-field-textarea forminator-col forminator-col-4 \"><div class=\"forminator-field\"><label for=\"forminator-field-textarea-5_69d36937eb02b\" id=\"forminator-field-textarea-5_69d36937eb02b-label\" class=\"forminator-label\">Prefer\u00eancia de Cor das Cartelas <span class=\"forminator-required\">*<\/span><\/label><textarea name=\"textarea-5\" placeholder=\"Preto\" id=\"forminator-field-textarea-5_69d36937eb02b\" class=\"forminator-textarea\" rows=\"6\" style=\"min-height:140px;\" >Preto<\/textarea><\/div><\/div><div id=\"radio-1\" class=\"forminator-field-radio forminator-col forminator-col-4 \"><div role=\"radiogroup\" class=\"forminator-field\" aria-labelledby=\"forminator-radiogroup-radio-1-69d36937eb02b-label\"><span id=\"forminator-radiogroup-radio-1-69d36937eb02b-label\" class=\"forminator-label\">Estilo de Borda <span class=\"forminator-required\">*<\/span><\/span><label id=\"forminator-field-radio-1-label-1\" for=\"forminator-field-radio-1-1-69d36937eb02b\" class=\"forminator-radio\" title=\"Quadrada\"><input type=\"radio\" name=\"radio-1\" value=\"one\" id=\"forminator-field-radio-1-1-69d36937eb02b\" aria-labelledby=\"forminator-field-radio-1-label-1\" data-calculation=\"0\" checked=\"checked\"  data-hidden-behavior=\"zero\"\/><span class=\"forminator-radio-bullet\" aria-hidden=\"true\"><\/span><span class=\"forminator-radio-label\">Quadrada<\/span><\/label><label id=\"forminator-field-radio-1-label-2\" for=\"forminator-field-radio-1-2-69d36937eb02b\" class=\"forminator-radio\" title=\"Arredondada\"><input type=\"radio\" name=\"radio-1\" value=\"two\" id=\"forminator-field-radio-1-2-69d36937eb02b\" aria-labelledby=\"forminator-field-radio-1-label-2\" data-calculation=\"0\"   data-hidden-behavior=\"zero\"\/><span class=\"forminator-radio-bullet\" aria-hidden=\"true\"><\/span><span class=\"forminator-radio-label\">Arredondada<\/span><\/label><\/div><\/div><\/div><div class=\"forminator-row\"><div id=\"textarea-4\" class=\"forminator-field-textarea forminator-col forminator-col-12 \"><div class=\"forminator-field\"><label for=\"forminator-field-textarea-4_69d36937eb02b\" id=\"forminator-field-textarea-4_69d36937eb02b-label\" class=\"forminator-label\">Observa\u00e7\u00f5es<\/label><textarea name=\"textarea-4\" placeholder=\"\" id=\"forminator-field-textarea-4_69d36937eb02b\" class=\"forminator-textarea\" rows=\"6\" style=\"min-height:140px;\" ><\/textarea><\/div><\/div><\/div><\/div><button class=\"forminator-button forminator-pagination-submit\" style=\"display: none;\" disabled>Pedir Or&ccedil;amento!<\/button><\/div><input type=\"hidden\" name=\"referer_url\" value=\"\" \/><input type=\"hidden\" id=\"forminator_nonce\" name=\"forminator_nonce\" value=\"bbdc1d3773\" \/><input type=\"hidden\" name=\"_wp_http_referer\" value=\"\/index.php?rest_route=%2Fwp%2Fv2%2Fpages%2F121\" \/><input type=\"hidden\" name=\"form_id\" value=\"133\"><input type=\"hidden\" name=\"page_id\" value=\"121\"><input type=\"hidden\" name=\"form_type\" value=\"default\"><input type=\"hidden\" name=\"current_url\" value=\"https:\/\/saladelta.com.br\/?page_id=121\"><input type=\"hidden\" name=\"render_id\" value=\"0\"><input type=\"hidden\" name=\"action\" value=\"forminator_submit_form_custom-forms\"><\/form><\/div>\n\n\n\n<p>D\u00favidas: saladeltabauru@gmail.com<\/p>\n\n\n\n<blockquote class=\"wp-block-quote is-layout-flow wp-block-quote-is-layout-flow\">\n<p>Uso <strong>recreativo<\/strong>. N\u00e3o organizamos sorteios nem pr\u00eamios.<\/p>\n<\/blockquote>\n","protected":false},"excerpt":{"rendered":"<p>Personalize sua Divers\u00e3o! Seu evento, suas cartelas.N\u00f3s montamos um bingo com a sua lista de elementos (nomes), t\u00edtulo e mensagem [&hellip;]<\/p>\n","protected":false},"author":1,"featured_media":0,"parent":0,"menu_order":0,"comment_status":"closed","ping_status":"closed","template":"","meta":{"site-sidebar-layout":"default","site-content-layout":"","ast-site-content-layout":"default","site-content-style":"default","site-sidebar-style":"default","ast-global-header-display":"","ast-banner-title-visibility":"","ast-main-header-display":"","ast-hfb-above-header-display":"","ast-hfb-below-header-display":"","ast-hfb-mobile-header-display":"","site-post-title":"disabled","ast-breadcrumbs-content":"","ast-featured-img":"","footer-sml-layout":"","theme-transparent-header-meta":"","adv-header-id-meta":"","stick-header-meta":"","header-above-stick-meta":"","header-main-stick-meta":"","header-below-stick-meta":"","astra-migrate-meta-layouts":"default","ast-page-background-enabled":"default","ast-page-background-meta":{"desktop":{"background-color":"var(--ast-global-color-5)","background-image":"","background-repeat":"repeat","background-position":"center center","background-size":"auto","background-attachment":"scroll","background-type":"","background-media":"","overlay-type":"","overlay-color":"","overlay-opacity":"","overlay-gradient":""},"tablet":{"background-color":"","background-image":"","background-repeat":"repeat","background-position":"center center","background-size":"auto","background-attachment":"scroll","background-type":"","background-media":"","overlay-type":"","overlay-color":"","overlay-opacity":"","overlay-gradient":""},"mobile":{"background-color":"","background-image":"","background-repeat":"repeat","background-position":"center center","background-size":"auto","background-attachment":"scroll","background-type":"","background-media":"","overlay-type":"","overlay-color":"","overlay-opacity":"","overlay-gradient":""}},"ast-content-background-meta":{"desktop":{"background-color":"var(--ast-global-color-4)","background-image":"","background-repeat":"repeat","background-position":"center center","background-size":"auto","background-attachment":"scroll","background-type":"","background-media":"","overlay-type":"","overlay-color":"","overlay-opacity":"","overlay-gradient":""},"tablet":{"background-color":"var(--ast-global-color-4)","background-image":"","background-repeat":"repeat","background-position":"center center","background-size":"auto","background-attachment":"scroll","background-type":"","background-media":"","overlay-type":"","overlay-color":"","overlay-opacity":"","overlay-gradient":""},"mobile":{"background-color":"var(--ast-global-color-4)","background-image":"","background-repeat":"repeat","background-position":"center center","background-size":"auto","background-attachment":"scroll","background-type":"","background-media":"","overlay-type":"","overlay-color":"","overlay-opacity":"","overlay-gradient":""}},"footnotes":""},"class_list":["post-121","page","type-page","status-publish","hentry"],"_links":{"self":[{"href":"https:\/\/saladelta.com.br\/index.php?rest_route=\/wp\/v2\/pages\/121","targetHints":{"allow":["GET"]}}],"collection":[{"href":"https:\/\/saladelta.com.br\/index.php?rest_route=\/wp\/v2\/pages"}],"about":[{"href":"https:\/\/saladelta.com.br\/index.php?rest_route=\/wp\/v2\/types\/page"}],"author":[{"embeddable":true,"href":"https:\/\/saladelta.com.br\/index.php?rest_route=\/wp\/v2\/users\/1"}],"replies":[{"embeddable":true,"href":"https:\/\/saladelta.com.br\/index.php?rest_route=%2Fwp%2Fv2%2Fcomments&post=121"}],"version-history":[{"count":8,"href":"https:\/\/saladelta.com.br\/index.php?rest_route=\/wp\/v2\/pages\/121\/revisions"}],"predecessor-version":[{"id":312,"href":"https:\/\/saladelta.com.br\/index.php?rest_route=\/wp\/v2\/pages\/121\/revisions\/312"}],"wp:attachment":[{"href":"https:\/\/saladelta.com.br\/index.php?rest_route=%2Fwp%2Fv2%2Fmedia&parent=121"}],"curies":[{"name":"wp","href":"https:\/\/api.w.org\/{rel}","templated":true}]}}