{"id":95,"date":"2025-08-14T13:13:08","date_gmt":"2025-08-14T13:13:08","guid":{"rendered":"https:\/\/saladelta.com.br\/?page_id=95"},"modified":"2025-08-25T11:33:25","modified_gmt":"2025-08-25T14:33:25","slug":"galeria","status":"publish","type":"page","link":"https:\/\/saladelta.com.br\/?page_id=95","title":{"rendered":"Galeria"},"content":{"rendered":"\n<div style=\"height:100px\" aria-hidden=\"true\" class=\"wp-block-spacer\"><\/div>\n\n\n\n<h2 class=\"wp-block-heading has-text-align-center\">Personalize seu evento! Monte sua cartela com o que puder imaginar!<\/h2>\n\n\n\n<figure class=\"wp-block-gallery has-nested-images columns-2 is-cropped wp-block-gallery-1 is-layout-flex wp-block-gallery-is-layout-flex\">\n<figure class=\"wp-block-image size-full\"><img loading=\"lazy\" decoding=\"async\" width=\"739\" height=\"368\" data-id=\"240\" src=\"https:\/\/saladelta.com.br\/wp-content\/uploads\/2025\/08\/Operacoes-Respostas.png\" alt=\"\" class=\"wp-image-240\" srcset=\"https:\/\/saladelta.com.br\/wp-content\/uploads\/2025\/08\/Operacoes-Respostas.png 739w, https:\/\/saladelta.com.br\/wp-content\/uploads\/2025\/08\/Operacoes-Respostas-300x149.png 300w, https:\/\/saladelta.com.br\/wp-content\/uploads\/2025\/08\/Operacoes-Respostas-600x299.png 600w\" sizes=\"auto, (max-width: 739px) 100vw, 739px\" \/><figcaption class=\"wp-element-caption\">Opera\u00e7\u00f5es B\u00e1sicas &#8211; Vers\u00e3o Respostas<\/figcaption><\/figure>\n\n\n\n<figure class=\"wp-block-image size-full\"><img loading=\"lazy\" decoding=\"async\" width=\"777\" height=\"371\" data-id=\"244\" src=\"https:\/\/saladelta.com.br\/wp-content\/uploads\/2025\/08\/Operacoes-Perguntas.png\" alt=\"\" class=\"wp-image-244\" srcset=\"https:\/\/saladelta.com.br\/wp-content\/uploads\/2025\/08\/Operacoes-Perguntas.png 777w, https:\/\/saladelta.com.br\/wp-content\/uploads\/2025\/08\/Operacoes-Perguntas-300x143.png 300w, https:\/\/saladelta.com.br\/wp-content\/uploads\/2025\/08\/Operacoes-Perguntas-600x286.png 600w, https:\/\/saladelta.com.br\/wp-content\/uploads\/2025\/08\/Operacoes-Perguntas-768x367.png 768w\" sizes=\"auto, (max-width: 777px) 100vw, 777px\" \/><figcaption class=\"wp-element-caption\">Opera\u00e7\u00f5es B\u00e1sicas &#8211; Vers\u00e3o Opera\u00e7\u00f5es<\/figcaption><\/figure>\n\n\n\n<figure class=\"wp-block-image size-full\"><img loading=\"lazy\" decoding=\"async\" width=\"765\" height=\"375\" data-id=\"218\" src=\"https:\/\/saladelta.com.br\/wp-content\/uploads\/2025\/08\/Coz-Laranja.png\" alt=\"\" class=\"wp-image-218\" srcset=\"https:\/\/saladelta.com.br\/wp-content\/uploads\/2025\/08\/Coz-Laranja.png 765w, https:\/\/saladelta.com.br\/wp-content\/uploads\/2025\/08\/Coz-Laranja-300x147.png 300w, https:\/\/saladelta.com.br\/wp-content\/uploads\/2025\/08\/Coz-Laranja-600x294.png 600w\" sizes=\"auto, (max-width: 765px) 100vw, 765px\" \/><figcaption class=\"wp-element-caption\">Ch\u00e1 de Cozinha!<\/figcaption><\/figure>\n\n\n\n<figure class=\"wp-block-image size-full\"><img loading=\"lazy\" decoding=\"async\" width=\"784\" height=\"379\" data-id=\"283\" src=\"https:\/\/saladelta.com.br\/wp-content\/uploads\/2025\/08\/Junino-Laranja.png\" alt=\"\" class=\"wp-image-283\" srcset=\"https:\/\/saladelta.com.br\/wp-content\/uploads\/2025\/08\/Junino-Laranja.png 784w, https:\/\/saladelta.com.br\/wp-content\/uploads\/2025\/08\/Junino-Laranja-300x145.png 300w, https:\/\/saladelta.com.br\/wp-content\/uploads\/2025\/08\/Junino-Laranja-600x290.png 600w, https:\/\/saladelta.com.br\/wp-content\/uploads\/2025\/08\/Junino-Laranja-768x371.png 768w\" sizes=\"auto, (max-width: 784px) 100vw, 784px\" \/><\/figure>\n\n\n\n<figure class=\"wp-block-image size-full\"><img loading=\"lazy\" decoding=\"async\" width=\"775\" height=\"370\" data-id=\"224\" src=\"https:\/\/saladelta.com.br\/wp-content\/uploads\/2025\/08\/Pet-Preto.png\" alt=\"\" class=\"wp-image-224\" srcset=\"https:\/\/saladelta.com.br\/wp-content\/uploads\/2025\/08\/Pet-Preto.png 775w, https:\/\/saladelta.com.br\/wp-content\/uploads\/2025\/08\/Pet-Preto-300x143.png 300w, https:\/\/saladelta.com.br\/wp-content\/uploads\/2025\/08\/Pet-Preto-600x286.png 600w, https:\/\/saladelta.com.br\/wp-content\/uploads\/2025\/08\/Pet-Preto-768x367.png 768w\" sizes=\"auto, (max-width: 775px) 100vw, 775px\" \/><figcaption class=\"wp-element-caption\">Anivers\u00e1rio Pet!<\/figcaption><\/figure>\n\n\n\n<figure class=\"wp-block-image size-full\"><img loading=\"lazy\" decoding=\"async\" width=\"768\" height=\"379\" data-id=\"296\" src=\"https:\/\/saladelta.com.br\/wp-content\/uploads\/2025\/08\/tutoria-verde.png\" alt=\"\" class=\"wp-image-296\" srcset=\"https:\/\/saladelta.com.br\/wp-content\/uploads\/2025\/08\/tutoria-verde.png 768w, https:\/\/saladelta.com.br\/wp-content\/uploads\/2025\/08\/tutoria-verde-300x148.png 300w, https:\/\/saladelta.com.br\/wp-content\/uploads\/2025\/08\/tutoria-verde-600x296.png 600w\" sizes=\"auto, (max-width: 768px) 100vw, 768px\" \/><\/figure>\n\n\n\n<figure class=\"wp-block-image size-full\"><img loading=\"lazy\" decoding=\"async\" width=\"737\" height=\"368\" data-id=\"185\" src=\"https:\/\/saladelta.com.br\/wp-content\/uploads\/2025\/08\/Kit-Cha-de-Bebe-Imagem-Padrao.png\" alt=\"\" class=\"wp-image-185\" srcset=\"https:\/\/saladelta.com.br\/wp-content\/uploads\/2025\/08\/Kit-Cha-de-Bebe-Imagem-Padrao.png 737w, https:\/\/saladelta.com.br\/wp-content\/uploads\/2025\/08\/Kit-Cha-de-Bebe-Imagem-Padrao-300x150.png 300w, https:\/\/saladelta.com.br\/wp-content\/uploads\/2025\/08\/Kit-Cha-de-Bebe-Imagem-Padrao-600x300.png 600w\" sizes=\"auto, (max-width: 737px) 100vw, 737px\" \/><figcaption class=\"wp-element-caption\">Ch\u00e1 de Beb\u00ea!<\/figcaption><\/figure>\n<\/figure>\n\n\n\n<div style=\"height:35px\" aria-hidden=\"true\" class=\"wp-block-spacer\"><\/div>\n\n\n\n<h2 class=\"wp-block-heading has-text-align-center\">Mande fotos do seu evento para nossa galeria!<\/h2>\n\n\n\n<figure class=\"wp-block-gallery has-nested-images columns-3 is-cropped wp-block-gallery-2 is-layout-flex wp-block-gallery-is-layout-flex\">\n<figure class=\"wp-block-image size-full\"><img loading=\"lazy\" decoding=\"async\" width=\"1920\" height=\"2560\" data-id=\"98\" src=\"https:\/\/saladelta.com.br\/wp-content\/uploads\/2025\/08\/BingoversarioMarceo20251-scaled.jpg\" alt=\"\" class=\"wp-image-98\" srcset=\"https:\/\/saladelta.com.br\/wp-content\/uploads\/2025\/08\/BingoversarioMarceo20251-scaled.jpg 1920w, https:\/\/saladelta.com.br\/wp-content\/uploads\/2025\/08\/BingoversarioMarceo20251-scaled-300x400.jpg 300w, https:\/\/saladelta.com.br\/wp-content\/uploads\/2025\/08\/BingoversarioMarceo20251-scaled-600x800.jpg 600w, https:\/\/saladelta.com.br\/wp-content\/uploads\/2025\/08\/BingoversarioMarceo20251-225x300.jpg 225w, https:\/\/saladelta.com.br\/wp-content\/uploads\/2025\/08\/BingoversarioMarceo20251-768x1024.jpg 768w, https:\/\/saladelta.com.br\/wp-content\/uploads\/2025\/08\/BingoversarioMarceo20251-1152x1536.jpg 1152w, https:\/\/saladelta.com.br\/wp-content\/uploads\/2025\/08\/BingoversarioMarceo20251-1536x2048.jpg 1536w\" sizes=\"auto, (max-width: 1920px) 100vw, 1920px\" \/><\/figure>\n\n\n\n<figure class=\"wp-block-image size-full\"><img loading=\"lazy\" decoding=\"async\" width=\"1920\" height=\"2560\" data-id=\"97\" src=\"https:\/\/saladelta.com.br\/wp-content\/uploads\/2025\/08\/BingoversarioMarceo20253-scaled.jpg\" alt=\"\" class=\"wp-image-97\" srcset=\"https:\/\/saladelta.com.br\/wp-content\/uploads\/2025\/08\/BingoversarioMarceo20253-scaled.jpg 1920w, https:\/\/saladelta.com.br\/wp-content\/uploads\/2025\/08\/BingoversarioMarceo20253-scaled-300x400.jpg 300w, https:\/\/saladelta.com.br\/wp-content\/uploads\/2025\/08\/BingoversarioMarceo20253-scaled-600x800.jpg 600w, https:\/\/saladelta.com.br\/wp-content\/uploads\/2025\/08\/BingoversarioMarceo20253-225x300.jpg 225w, https:\/\/saladelta.com.br\/wp-content\/uploads\/2025\/08\/BingoversarioMarceo20253-768x1024.jpg 768w, https:\/\/saladelta.com.br\/wp-content\/uploads\/2025\/08\/BingoversarioMarceo20253-1152x1536.jpg 1152w, https:\/\/saladelta.com.br\/wp-content\/uploads\/2025\/08\/BingoversarioMarceo20253-1536x2048.jpg 1536w\" sizes=\"auto, (max-width: 1920px) 100vw, 1920px\" \/><\/figure>\n\n\n\n<figure class=\"wp-block-image size-full\"><img loading=\"lazy\" decoding=\"async\" width=\"1920\" height=\"2560\" data-id=\"99\" src=\"https:\/\/saladelta.com.br\/wp-content\/uploads\/2025\/08\/BingoversarioMarceo20254-scaled.jpg\" alt=\"\" class=\"wp-image-99\" srcset=\"https:\/\/saladelta.com.br\/wp-content\/uploads\/2025\/08\/BingoversarioMarceo20254-scaled.jpg 1920w, https:\/\/saladelta.com.br\/wp-content\/uploads\/2025\/08\/BingoversarioMarceo20254-scaled-300x400.jpg 300w, https:\/\/saladelta.com.br\/wp-content\/uploads\/2025\/08\/BingoversarioMarceo20254-scaled-600x800.jpg 600w, https:\/\/saladelta.com.br\/wp-content\/uploads\/2025\/08\/BingoversarioMarceo20254-225x300.jpg 225w, https:\/\/saladelta.com.br\/wp-content\/uploads\/2025\/08\/BingoversarioMarceo20254-768x1024.jpg 768w, https:\/\/saladelta.com.br\/wp-content\/uploads\/2025\/08\/BingoversarioMarceo20254-1152x1536.jpg 1152w, https:\/\/saladelta.com.br\/wp-content\/uploads\/2025\/08\/BingoversarioMarceo20254-1536x2048.jpg 1536w\" sizes=\"auto, (max-width: 1920px) 100vw, 1920px\" \/><\/figure>\n\n\n\n<figure class=\"wp-block-image size-full\"><img loading=\"lazy\" decoding=\"async\" width=\"1200\" height=\"1600\" data-id=\"96\" src=\"https:\/\/saladelta.com.br\/wp-content\/uploads\/2025\/08\/BingoversarioMarceo20252.jpg\" alt=\"\" class=\"wp-image-96\" srcset=\"https:\/\/saladelta.com.br\/wp-content\/uploads\/2025\/08\/BingoversarioMarceo20252.jpg 1200w, https:\/\/saladelta.com.br\/wp-content\/uploads\/2025\/08\/BingoversarioMarceo20252-300x400.jpg 300w, https:\/\/saladelta.com.br\/wp-content\/uploads\/2025\/08\/BingoversarioMarceo20252-600x800.jpg 600w, https:\/\/saladelta.com.br\/wp-content\/uploads\/2025\/08\/BingoversarioMarceo20252-225x300.jpg 225w, https:\/\/saladelta.com.br\/wp-content\/uploads\/2025\/08\/BingoversarioMarceo20252-768x1024.jpg 768w, https:\/\/saladelta.com.br\/wp-content\/uploads\/2025\/08\/BingoversarioMarceo20252-1152x1536.jpg 1152w\" sizes=\"auto, (max-width: 1200px) 100vw, 1200px\" \/><\/figure>\n<figcaption class=\"blocks-gallery-caption wp-element-caption\">Bingovers\u00e1rio do Marcelo Scalvi<\/figcaption><\/figure>\n","protected":false},"excerpt":{"rendered":"<p>Personalize seu evento! Monte sua cartela com o que puder imaginar! Mande fotos do seu evento para nossa galeria!<\/p>\n","protected":false},"author":1,"featured_media":0,"parent":0,"menu_order":0,"comment_status":"closed","ping_status":"closed","template":"","meta":{"site-sidebar-layout":"default","site-content-layout":"","ast-site-content-layout":"normal-width-container","site-content-style":"default","site-sidebar-style":"default","ast-global-header-display":"","ast-banner-title-visibility":"","ast-main-header-display":"","ast-hfb-above-header-display":"","ast-hfb-below-header-display":"","ast-hfb-mobile-header-display":"","site-post-title":"disabled","ast-breadcrumbs-content":"","ast-featured-img":"","footer-sml-layout":"","theme-transparent-header-meta":"","adv-header-id-meta":"","stick-header-meta":"","header-above-stick-meta":"","header-main-stick-meta":"","header-below-stick-meta":"","astra-migrate-meta-layouts":"default","ast-page-background-enabled":"default","ast-page-background-meta":{"desktop":{"background-color":"var(--ast-global-color-5)","background-image":"","background-repeat":"repeat","background-position":"center center","background-size":"auto","background-attachment":"scroll","background-type":"","background-media":"","overlay-type":"","overlay-color":"","overlay-opacity":"","overlay-gradient":""},"tablet":{"background-color":"","background-image":"","background-repeat":"repeat","background-position":"center center","background-size":"auto","background-attachment":"scroll","background-type":"","background-media":"","overlay-type":"","overlay-color":"","overlay-opacity":"","overlay-gradient":""},"mobile":{"background-color":"","background-image":"","background-repeat":"repeat","background-position":"center center","background-size":"auto","background-attachment":"scroll","background-type":"","background-media":"","overlay-type":"","overlay-color":"","overlay-opacity":"","overlay-gradient":""}},"ast-content-background-meta":{"desktop":{"background-color":"var(--ast-global-color-4)","background-image":"","background-repeat":"repeat","background-position":"center center","background-size":"auto","background-attachment":"scroll","background-type":"","background-media":"","overlay-type":"","overlay-color":"","overlay-opacity":"","overlay-gradient":""},"tablet":{"background-color":"var(--ast-global-color-4)","background-image":"","background-repeat":"repeat","background-position":"center center","background-size":"auto","background-attachment":"scroll","background-type":"","background-media":"","overlay-type":"","overlay-color":"","overlay-opacity":"","overlay-gradient":""},"mobile":{"background-color":"var(--ast-global-color-4)","background-image":"","background-repeat":"repeat","background-position":"center center","background-size":"auto","background-attachment":"scroll","background-type":"","background-media":"","overlay-type":"","overlay-color":"","overlay-opacity":"","overlay-gradient":""}},"footnotes":""},"class_list":["post-95","page","type-page","status-publish","hentry"],"_links":{"self":[{"href":"https:\/\/saladelta.com.br\/index.php?rest_route=\/wp\/v2\/pages\/95","targetHints":{"allow":["GET"]}}],"collection":[{"href":"https:\/\/saladelta.com.br\/index.php?rest_route=\/wp\/v2\/pages"}],"about":[{"href":"https:\/\/saladelta.com.br\/index.php?rest_route=\/wp\/v2\/types\/page"}],"author":[{"embeddable":true,"href":"https:\/\/saladelta.com.br\/index.php?rest_route=\/wp\/v2\/users\/1"}],"replies":[{"embeddable":true,"href":"https:\/\/saladelta.com.br\/index.php?rest_route=%2Fwp%2Fv2%2Fcomments&post=95"}],"version-history":[{"count":16,"href":"https:\/\/saladelta.com.br\/index.php?rest_route=\/wp\/v2\/pages\/95\/revisions"}],"predecessor-version":[{"id":313,"href":"https:\/\/saladelta.com.br\/index.php?rest_route=\/wp\/v2\/pages\/95\/revisions\/313"}],"wp:attachment":[{"href":"https:\/\/saladelta.com.br\/index.php?rest_route=%2Fwp%2Fv2%2Fmedia&parent=95"}],"curies":[{"name":"wp","href":"https:\/\/api.w.org\/{rel}","templated":true}]}}