{"id":274,"date":"2025-08-25T10:33:45","date_gmt":"2025-08-25T13:33:45","guid":{"rendered":"https:\/\/saladelta.com.br\/?post_type=product&#038;p=274"},"modified":"2025-08-26T09:44:08","modified_gmt":"2025-08-26T12:44:08","slug":"kit-arraia-junino","status":"publish","type":"product","link":"https:\/\/saladelta.com.br\/?product=kit-arraia-junino","title":{"rendered":"Kit Bingo Festa Junina"},"content":{"rendered":"<p>O que vem no kit<br \/>\n&#8211; Cartelas para Bingo com tema Arrai\u00e1 (Festa Junina), em quantidades e cores escolhidos na compra<br \/>\n&#8211; Lista de elementos do bingo<br \/>\n&#8211; Fichas recort\u00e1veis para sorteio<br \/>\n&#8211; Sem repeti\u00e7\u00e3o de cartelas<br \/>\n&#8211; Leia-me<\/p>\n<p>Formato e impress\u00e3o<br \/>\n&#8211; PDF em A4, pronto para imprimir em casa ou gr\u00e1fica r\u00e1pida<br \/>\n&#8211; Recomenda\u00e7\u00e3o: papel 180\u2013240 g\/m\u00b2 | corte com tesoura ou guilhotina<\/p>\n<p>Como funciona<br \/>\n1) Escolha o modelo (varia\u00e7\u00e3o) e finalize o pedido<br \/>\n2) Ap\u00f3s aprova\u00e7\u00e3o, baixe o ZIP em \u201cMinha conta \u2192 Downloads\u201d<br \/>\n3) Imprima e jogue<\/p>\n<p>Aviso<br \/>\n&#8211; Uso recreativo. N\u00e3o organizamos sorteios\/pr\u00eamios.<\/p>\n","protected":false},"excerpt":{"rendered":"<p>\u2022 Cartelas de Bingo para Festa Junina, cores e quantidades variadas<br \/>\n\u2022 Inclui fichas de sorteio + lista de elementos<br \/>\n\u2022 Arquivo ZIP com PDFs prontos para imprimir (A4)<br \/>\n\u2022 Download imediato ap\u00f3s o pagamento (PIX\/Cart\u00e3o)<br \/>\n\u2022 Uso recreativo<\/p>\n","protected":false},"featured_media":283,"comment_status":"open","ping_status":"closed","template":"","meta":{"site-sidebar-layout":"default","site-content-layout":"","ast-site-content-layout":"default","site-content-style":"default","site-sidebar-style":"default","ast-global-header-display":"","ast-banner-title-visibility":"","ast-main-header-display":"","ast-hfb-above-header-display":"","ast-hfb-below-header-display":"","ast-hfb-mobile-header-display":"","site-post-title":"","ast-breadcrumbs-content":"","ast-featured-img":"","footer-sml-layout":"","theme-transparent-header-meta":"default","adv-header-id-meta":"","stick-header-meta":"","header-above-stick-meta":"","header-main-stick-meta":"","header-below-stick-meta":"","astra-migrate-meta-layouts":"set","ast-page-background-enabled":"default","ast-page-background-meta":{"desktop":{"background-color":"var(--ast-global-color-5)","background-image":"","background-repeat":"repeat","background-position":"center center","background-size":"auto","background-attachment":"scroll","background-type":"","background-media":"","overlay-type":"","overlay-color":"","overlay-opacity":"","overlay-gradient":""},"tablet":{"background-color":"","background-image":"","background-repeat":"repeat","background-position":"center center","background-size":"auto","background-attachment":"scroll","background-type":"","background-media":"","overlay-type":"","overlay-color":"","overlay-opacity":"","overlay-gradient":""},"mobile":{"background-color":"","background-image":"","background-repeat":"repeat","background-position":"center center","background-size":"auto","background-attachment":"scroll","background-type":"","background-media":"","overlay-type":"","overlay-color":"","overlay-opacity":"","overlay-gradient":""}},"ast-content-background-meta":{"desktop":{"background-color":"var(--ast-global-color-4)","background-image":"","background-repeat":"repeat","background-position":"center center","background-size":"auto","background-attachment":"scroll","background-type":"","background-media":"","overlay-type":"","overlay-color":"","overlay-opacity":"","overlay-gradient":""},"tablet":{"background-color":"var(--ast-global-color-4)","background-image":"","background-repeat":"repeat","background-position":"center center","background-size":"auto","background-attachment":"scroll","background-type":"","background-media":"","overlay-type":"","overlay-color":"","overlay-opacity":"","overlay-gradient":""},"mobile":{"background-color":"var(--ast-global-color-4)","background-image":"","background-repeat":"repeat","background-position":"center center","background-size":"auto","background-attachment":"scroll","background-type":"","background-media":"","overlay-type":"","overlay-color":"","overlay-opacity":"","overlay-gradient":""}}},"product_brand":[],"product_cat":[19],"product_tag":[25,30],"class_list":{"0":"post-274","1":"product","2":"type-product","3":"status-publish","4":"has-post-thumbnail","6":"product_cat-kits-para-eventos","7":"product_tag-bingo","8":"product_tag-festa-junina","9":"desktop-align-left","10":"tablet-align-left","11":"mobile-align-left","13":"first","14":"instock","15":"shipping-taxable","16":"purchasable","17":"product-type-variable"},"_links":{"self":[{"href":"https:\/\/saladelta.com.br\/index.php?rest_route=\/wp\/v2\/product\/274","targetHints":{"allow":["GET"]}}],"collection":[{"href":"https:\/\/saladelta.com.br\/index.php?rest_route=\/wp\/v2\/product"}],"about":[{"href":"https:\/\/saladelta.com.br\/index.php?rest_route=\/wp\/v2\/types\/product"}],"replies":[{"embeddable":true,"href":"https:\/\/saladelta.com.br\/index.php?rest_route=%2Fwp%2Fv2%2Fcomments&post=274"}],"wp:featuredmedia":[{"embeddable":true,"href":"https:\/\/saladelta.com.br\/index.php?rest_route=\/wp\/v2\/media\/283"}],"wp:attachment":[{"href":"https:\/\/saladelta.com.br\/index.php?rest_route=%2Fwp%2Fv2%2Fmedia&parent=274"}],"wp:term":[{"taxonomy":"product_brand","embeddable":true,"href":"https:\/\/saladelta.com.br\/index.php?rest_route=%2Fwp%2Fv2%2Fproduct_brand&post=274"},{"taxonomy":"product_cat","embeddable":true,"href":"https:\/\/saladelta.com.br\/index.php?rest_route=%2Fwp%2Fv2%2Fproduct_cat&post=274"},{"taxonomy":"product_tag","embeddable":true,"href":"https:\/\/saladelta.com.br\/index.php?rest_route=%2Fwp%2Fv2%2Fproduct_tag&post=274"}],"curies":[{"name":"wp","href":"https:\/\/api.w.org\/{rel}","templated":true}]}}