{"id":290,"date":"2025-08-25T10:51:15","date_gmt":"2025-08-25T13:51:15","guid":{"rendered":"https:\/\/saladelta.com.br\/?post_type=product&#038;p=290"},"modified":"2025-08-26T09:43:58","modified_gmt":"2025-08-26T12:43:58","slug":"kit-tutoria-escolar","status":"publish","type":"product","link":"https:\/\/saladelta.com.br\/?product=kit-tutoria-escolar","title":{"rendered":"Kit Bingo da Tutoria"},"content":{"rendered":"<p>O que vem no kit<br \/>\n&#8211; Cartelas para Bingo com tema Tutoria Escolar, com 60 cartelas, em cores variadas escolhidas na compra<br \/>\n&#8211; Lista de elementos do bingo, em ordem aleat\u00f3ria, para sorteios manuais com aparatos de bingo<br \/>\n&#8211; Fichas recort\u00e1veis para sorteio<br \/>\n&#8211; Sem repeti\u00e7\u00e3o de cartelas<br \/>\n&#8211; Leia-me<\/p>\n<p>Formato e impress\u00e3o<br \/>\n&#8211; PDF em A4, pronto para imprimir em casa ou gr\u00e1fica r\u00e1pida<br \/>\n&#8211; Recomenda\u00e7\u00e3o: papel 180\u2013240 g\/m\u00b2 | corte com tesoura ou guilhotina<\/p>\n<p>Como funciona<br \/>\n1) Escolha o modelo (varia\u00e7\u00e3o) e finalize o pedido<br \/>\n2) Ap\u00f3s aprova\u00e7\u00e3o, baixe o ZIP em \u201cMinha conta \u2192 Downloads\u201d<br \/>\n3) Imprima e jogue<\/p>\n<p>Aviso<br \/>\n&#8211; Uso recreativo ou did\u00e1tico. N\u00e3o organizamos sorteios\/pr\u00eamios.<\/p>\n","protected":false},"excerpt":{"rendered":"<p>\u2022 100 Cartelas de Bingo sobre Tutoria Escolar, cartelas com opera\u00e7\u00f5es e respostas cantadas<br \/>\n\u2022 Inclui fichas de sorteio + lista de elementos<br \/>\n\u2022 Arquivo ZIP com PDFs prontos para imprimir (A4)<br \/>\n\u2022 Download imediato ap\u00f3s o pagamento (PIX\/Cart\u00e3o)<br \/>\n\u2022 Uso recreativo ou did\u00e1tico<\/p>\n","protected":false},"featured_media":296,"comment_status":"open","ping_status":"closed","template":"","meta":{"site-sidebar-layout":"default","site-content-layout":"","ast-site-content-layout":"default","site-content-style":"default","site-sidebar-style":"default","ast-global-header-display":"","ast-banner-title-visibility":"","ast-main-header-display":"","ast-hfb-above-header-display":"","ast-hfb-below-header-display":"","ast-hfb-mobile-header-display":"","site-post-title":"","ast-breadcrumbs-content":"","ast-featured-img":"","footer-sml-layout":"","theme-transparent-header-meta":"default","adv-header-id-meta":"","stick-header-meta":"","header-above-stick-meta":"","header-main-stick-meta":"","header-below-stick-meta":"","astra-migrate-meta-layouts":"set","ast-page-background-enabled":"default","ast-page-background-meta":{"desktop":{"background-color":"var(--ast-global-color-5)","background-image":"","background-repeat":"repeat","background-position":"center center","background-size":"auto","background-attachment":"scroll","background-type":"","background-media":"","overlay-type":"","overlay-color":"","overlay-opacity":"","overlay-gradient":""},"tablet":{"background-color":"","background-image":"","background-repeat":"repeat","background-position":"center center","background-size":"auto","background-attachment":"scroll","background-type":"","background-media":"","overlay-type":"","overlay-color":"","overlay-opacity":"","overlay-gradient":""},"mobile":{"background-color":"","background-image":"","background-repeat":"repeat","background-position":"center center","background-size":"auto","background-attachment":"scroll","background-type":"","background-media":"","overlay-type":"","overlay-color":"","overlay-opacity":"","overlay-gradient":""}},"ast-content-background-meta":{"desktop":{"background-color":"var(--ast-global-color-4)","background-image":"","background-repeat":"repeat","background-position":"center center","background-size":"auto","background-attachment":"scroll","background-type":"","background-media":"","overlay-type":"","overlay-color":"","overlay-opacity":"","overlay-gradient":""},"tablet":{"background-color":"var(--ast-global-color-4)","background-image":"","background-repeat":"repeat","background-position":"center center","background-size":"auto","background-attachment":"scroll","background-type":"","background-media":"","overlay-type":"","overlay-color":"","overlay-opacity":"","overlay-gradient":""},"mobile":{"background-color":"var(--ast-global-color-4)","background-image":"","background-repeat":"repeat","background-position":"center center","background-size":"auto","background-attachment":"scroll","background-type":"","background-media":"","overlay-type":"","overlay-color":"","overlay-opacity":"","overlay-gradient":""}}},"product_brand":[],"product_cat":[26],"product_tag":[25,29,32,31],"class_list":{"0":"post-290","1":"product","2":"type-product","3":"status-publish","4":"has-post-thumbnail","6":"product_cat-kits-didaticos","7":"product_tag-bingo","8":"product_tag-didatico","9":"product_tag-escola","10":"product_tag-tutoria","11":"desktop-align-left","12":"tablet-align-left","13":"mobile-align-left","15":"first","16":"instock","17":"shipping-taxable","18":"purchasable","19":"product-type-variable"},"_links":{"self":[{"href":"https:\/\/saladelta.com.br\/index.php?rest_route=\/wp\/v2\/product\/290","targetHints":{"allow":["GET"]}}],"collection":[{"href":"https:\/\/saladelta.com.br\/index.php?rest_route=\/wp\/v2\/product"}],"about":[{"href":"https:\/\/saladelta.com.br\/index.php?rest_route=\/wp\/v2\/types\/product"}],"replies":[{"embeddable":true,"href":"https:\/\/saladelta.com.br\/index.php?rest_route=%2Fwp%2Fv2%2Fcomments&post=290"}],"wp:featuredmedia":[{"embeddable":true,"href":"https:\/\/saladelta.com.br\/index.php?rest_route=\/wp\/v2\/media\/296"}],"wp:attachment":[{"href":"https:\/\/saladelta.com.br\/index.php?rest_route=%2Fwp%2Fv2%2Fmedia&parent=290"}],"wp:term":[{"taxonomy":"product_brand","embeddable":true,"href":"https:\/\/saladelta.com.br\/index.php?rest_route=%2Fwp%2Fv2%2Fproduct_brand&post=290"},{"taxonomy":"product_cat","embeddable":true,"href":"https:\/\/saladelta.com.br\/index.php?rest_route=%2Fwp%2Fv2%2Fproduct_cat&post=290"},{"taxonomy":"product_tag","embeddable":true,"href":"https:\/\/saladelta.com.br\/index.php?rest_route=%2Fwp%2Fv2%2Fproduct_tag&post=290"}],"curies":[{"name":"wp","href":"https:\/\/api.w.org\/{rel}","templated":true}]}}