{"id":331,"date":"2025-08-26T09:28:38","date_gmt":"2025-08-26T12:28:38","guid":{"rendered":"https:\/\/saladelta.com.br\/?post_type=product&#038;p=331"},"modified":"2025-08-26T09:28:38","modified_gmt":"2025-08-26T12:28:38","slug":"kit-bingo-gramatica","status":"publish","type":"product","link":"https:\/\/saladelta.com.br\/?product=kit-bingo-gramatica","title":{"rendered":"Kit Bingo da Gram\u00e1tica"},"content":{"rendered":"<p>O que vem no kit<br \/>\n&#8211; Cartelas para Bingo com tema Gram\u00e1tica, com 100 cartelas, na cor preta<br \/>\n&#8211; Lista de elementos do bingo, em ordem aleat\u00f3ria, para sorteios manuais com aparatos de bingo<br \/>\n&#8211; Fichas recort\u00e1veis para sorteio, numeradas de 1 a 40, para recortar e sortear<br \/>\n&#8211; Sem repeti\u00e7\u00e3o de cartelas, cada cartela cont\u00e9m as Respostas para as Dicas cantadas pelo professor<br \/>\n&#8211; Leia-me<\/p>\n<p>Formato e impress\u00e3o<br \/>\n&#8211; PDF em A4, pronto para imprimir em casa ou gr\u00e1fica r\u00e1pida<br \/>\n&#8211; Recomenda\u00e7\u00e3o: papel 180\u2013240 g\/m\u00b2 | corte com tesoura ou guilhotina<\/p>\n<p>Como funciona<br \/>\n1) Escolha o modelo (varia\u00e7\u00e3o) e finalize o pedido<br \/>\n2) Ap\u00f3s aprova\u00e7\u00e3o, baixe o ZIP em \u201cMinha conta \u2192 Downloads\u201d<br \/>\n3) Imprima e jogue<\/p>\n<p>Aviso<br \/>\n&#8211; Uso recreativo ou did\u00e1tico. N\u00e3o organizamos sorteios\/pr\u00eamios.<\/p>\n<p>Modelo de Cartela:<br \/>\n<img loading=\"lazy\" decoding=\"async\" class=\"alignnone wp-image-319 size-medium\" src=\"https:\/\/saladelta.com.br\/wp-content\/uploads\/2025\/08\/Gramatica-Preto-300x148.png\" alt=\"\" width=\"300\" height=\"148\" srcset=\"https:\/\/saladelta.com.br\/wp-content\/uploads\/2025\/08\/Gramatica-Preto-300x148.png 300w, https:\/\/saladelta.com.br\/wp-content\/uploads\/2025\/08\/Gramatica-Preto-600x295.png 600w, https:\/\/saladelta.com.br\/wp-content\/uploads\/2025\/08\/Gramatica-Preto.png 746w\" sizes=\"auto, (max-width: 300px) 100vw, 300px\" \/><\/p>\n<p>&nbsp;<\/p>\n<p>Modelo de Lista para o Professor\/Organizador:<\/p>\n<p><img loading=\"lazy\" decoding=\"async\" class=\"alignnone wp-image-320 size-medium\" src=\"https:\/\/saladelta.com.br\/wp-content\/uploads\/2025\/08\/Gramatica-Perguntas-300x200.png\" alt=\"\" width=\"300\" height=\"200\" srcset=\"https:\/\/saladelta.com.br\/wp-content\/uploads\/2025\/08\/Gramatica-Perguntas-300x200.png 300w, https:\/\/saladelta.com.br\/wp-content\/uploads\/2025\/08\/Gramatica-Perguntas.png 593w\" sizes=\"auto, (max-width: 300px) 100vw, 300px\" \/><\/p>\n<p>&nbsp;<\/p>\n<p>Modelo de ficha numerada para recorte e sorteio:<\/p>\n<p><img loading=\"lazy\" decoding=\"async\" class=\"alignnone size-medium wp-image-318\" src=\"https:\/\/saladelta.com.br\/wp-content\/uploads\/2025\/08\/Numeros-para-Sorteio-300x187.png\" alt=\"\" width=\"300\" height=\"187\" srcset=\"https:\/\/saladelta.com.br\/wp-content\/uploads\/2025\/08\/Numeros-para-Sorteio-300x187.png 300w, https:\/\/saladelta.com.br\/wp-content\/uploads\/2025\/08\/Numeros-para-Sorteio-600x374.png 600w, https:\/\/saladelta.com.br\/wp-content\/uploads\/2025\/08\/Numeros-para-Sorteio.png 720w\" sizes=\"auto, (max-width: 300px) 100vw, 300px\" \/><\/p>\n","protected":false},"excerpt":{"rendered":"<p>\u2022 100 Cartelas de Bingo sobre Gram\u00e1tica, cartelas com respostas e dicas cantadas<br \/>\n\u2022 Inclui fichas de sorteio + lista de elementos<br \/>\n\u2022 Arquivo ZIP com PDFs prontos para imprimir (A4)<br \/>\n\u2022 Download imediato ap\u00f3s o pagamento (PIX\/Cart\u00e3o)<br \/>\n\u2022 Uso recreativo ou did\u00e1tico<\/p>\n","protected":false},"featured_media":319,"comment_status":"open","ping_status":"closed","template":"","meta":{"site-sidebar-layout":"default","site-content-layout":"","ast-site-content-layout":"default","site-content-style":"default","site-sidebar-style":"default","ast-global-header-display":"","ast-banner-title-visibility":"","ast-main-header-display":"","ast-hfb-above-header-display":"","ast-hfb-below-header-display":"","ast-hfb-mobile-header-display":"","site-post-title":"","ast-breadcrumbs-content":"","ast-featured-img":"","footer-sml-layout":"","theme-transparent-header-meta":"default","adv-header-id-meta":"","stick-header-meta":"","header-above-stick-meta":"","header-main-stick-meta":"","header-below-stick-meta":"","astra-migrate-meta-layouts":"set","ast-page-background-enabled":"default","ast-page-background-meta":{"desktop":{"background-color":"var(--ast-global-color-5)","background-image":"","background-repeat":"repeat","background-position":"center center","background-size":"auto","background-attachment":"scroll","background-type":"","background-media":"","overlay-type":"","overlay-color":"","overlay-opacity":"","overlay-gradient":""},"tablet":{"background-color":"","background-image":"","background-repeat":"repeat","background-position":"center center","background-size":"auto","background-attachment":"scroll","background-type":"","background-media":"","overlay-type":"","overlay-color":"","overlay-opacity":"","overlay-gradient":""},"mobile":{"background-color":"","background-image":"","background-repeat":"repeat","background-position":"center center","background-size":"auto","background-attachment":"scroll","background-type":"","background-media":"","overlay-type":"","overlay-color":"","overlay-opacity":"","overlay-gradient":""}},"ast-content-background-meta":{"desktop":{"background-color":"var(--ast-global-color-4)","background-image":"","background-repeat":"repeat","background-position":"center center","background-size":"auto","background-attachment":"scroll","background-type":"","background-media":"","overlay-type":"","overlay-color":"","overlay-opacity":"","overlay-gradient":""},"tablet":{"background-color":"var(--ast-global-color-4)","background-image":"","background-repeat":"repeat","background-position":"center center","background-size":"auto","background-attachment":"scroll","background-type":"","background-media":"","overlay-type":"","overlay-color":"","overlay-opacity":"","overlay-gradient":""},"mobile":{"background-color":"var(--ast-global-color-4)","background-image":"","background-repeat":"repeat","background-position":"center center","background-size":"auto","background-attachment":"scroll","background-type":"","background-media":"","overlay-type":"","overlay-color":"","overlay-opacity":"","overlay-gradient":""}}},"product_brand":[],"product_cat":[26],"product_tag":[25,29,36,35],"class_list":{"0":"post-331","1":"product","2":"type-product","3":"status-publish","4":"has-post-thumbnail","6":"product_cat-kits-didaticos","7":"product_tag-bingo","8":"product_tag-didatico","9":"product_tag-lingua-portuguesa","10":"product_tag-portugues","11":"desktop-align-left","12":"tablet-align-left","13":"mobile-align-left","15":"first","16":"instock","17":"downloadable","18":"virtual","19":"purchasable","20":"product-type-simple"},"_links":{"self":[{"href":"https:\/\/saladelta.com.br\/index.php?rest_route=\/wp\/v2\/product\/331","targetHints":{"allow":["GET"]}}],"collection":[{"href":"https:\/\/saladelta.com.br\/index.php?rest_route=\/wp\/v2\/product"}],"about":[{"href":"https:\/\/saladelta.com.br\/index.php?rest_route=\/wp\/v2\/types\/product"}],"replies":[{"embeddable":true,"href":"https:\/\/saladelta.com.br\/index.php?rest_route=%2Fwp%2Fv2%2Fcomments&post=331"}],"wp:featuredmedia":[{"embeddable":true,"href":"https:\/\/saladelta.com.br\/index.php?rest_route=\/wp\/v2\/media\/319"}],"wp:attachment":[{"href":"https:\/\/saladelta.com.br\/index.php?rest_route=%2Fwp%2Fv2%2Fmedia&parent=331"}],"wp:term":[{"taxonomy":"product_brand","embeddable":true,"href":"https:\/\/saladelta.com.br\/index.php?rest_route=%2Fwp%2Fv2%2Fproduct_brand&post=331"},{"taxonomy":"product_cat","embeddable":true,"href":"https:\/\/saladelta.com.br\/index.php?rest_route=%2Fwp%2Fv2%2Fproduct_cat&post=331"},{"taxonomy":"product_tag","embeddable":true,"href":"https:\/\/saladelta.com.br\/index.php?rest_route=%2Fwp%2Fv2%2Fproduct_tag&post=331"}],"curies":[{"name":"wp","href":"https:\/\/api.w.org\/{rel}","templated":true}]}}